{"id":700,"date":"2021-12-20T12:21:26","date_gmt":"2021-12-20T12:21:26","guid":{"rendered":"https:\/\/osteopatia-girona.com\/?page_id=700"},"modified":"2022-01-26T12:04:30","modified_gmt":"2022-01-26T12:04:30","slug":"politica-de-cookies","status":"publish","type":"page","link":"https:\/\/osteopatia-girona.com\/index.php\/politica-de-cookies\/","title":{"rendered":"Pol\u00edtica de cookies"},"content":{"rendered":"<p>[vc_row css_animation=\u00bb\u00bb row_type=\u00bbrow\u00bb use_row_as_full_screen_section=\u00bbno\u00bb type=\u00bbfull_width\u00bb angled_section=\u00bbno\u00bb text_align=\u00bbleft\u00bb background_image_as_pattern=\u00bbwithout_pattern\u00bb][vc_column][vc_empty_space height=\u00bb100px\u00bb][vc_column_text el_class=\u00bbtable-left-pol\u00bb]Les cookies s\u00f3n petits arxius que s\u2019instal\u00b7len a l\u2019ordinador de l\u2019usuari i que permeten al responsable d\u2019un servei millorar la forma d\u2019interactuar entre els seus visitants i el seu lloc web. En alguns casos, la instal\u00b7laci\u00f3 d\u2019aquestes cookies requereixen del consentiment de l\u2019usuari.<\/p>\n<p>&nbsp;<\/p>\n<p>Existeixen diferents classes de cookies, afectades i no afectades per la Llei:<\/p>\n<p>&nbsp;<\/p>\n<p>Cookies no afectades:<\/p>\n<ul>\n<li><strong>T\u00e8cniques<\/strong>: S\u00f3n necess\u00e0ries per a la navegaci\u00f3. Sense elles la p\u00e0gina no funcionaria de forma adequada.<\/li>\n<li><strong>De personalitzaci\u00f3 o configuraci\u00f3<\/strong>: Permeten que la p\u00e0gina reconegui l\u2019idioma de l\u2019usuari, la mida de les lletres, etc.<\/li>\n<li><strong>De seguretat<\/strong>: Impedeixen o dificulten els atacs contra el lloc web o els seus usuaris.<\/li>\n<\/ul>\n<p>&nbsp;<\/p>\n<p>Cookies afectades:<\/p>\n<ul>\n<li><strong>Anal\u00edtiques<\/strong>: Permeten mesurar l\u2019activitat dels usuaris i elaborar estad\u00edstiques de navegaci\u00f3.<\/li>\n<li><strong>Publicit\u00e0ries<\/strong>: Gestionen la freq\u00fc\u00e8ncia i contingut dels anuncis.<\/li>\n<li><strong>De seguiment<\/strong>: Emmagatzemen informaci\u00f3 sobre els usuaris per a mostrar-los publicitat personalitzada.<\/li>\n<\/ul>\n<p>&nbsp;<\/p>\n<p>\u201cOsteopatia Girona\u201d informa que el lloc web utilitza les seg\u00fcents cookies al domini osteopatia-girona.com:<\/p>\n<p>&nbsp;<\/p>\n<p><strong><u>Cookies de prefer\u00e8ncies:<\/u><\/strong> Les cookies de prefer\u00e8ncies permeten a la p\u00e0gina web recordar informaci\u00f3 que canvia la forma en la que la p\u00e0gina es comporta o l\u2019aspecte que t\u00e9, com el seu idioma preferit o la regi\u00f3 en la que es troba.<\/p>\n<p>&nbsp;<\/p>\n<table width=\"100%\">\n<tbody>\n<tr>\n<td width=\"10%\"><strong>Titularitat<\/strong><\/td>\n<td width=\"10%\"><strong>Domini<\/strong><\/td>\n<td width=\"20%\"><strong>Nom<\/strong><\/td>\n<td width=\"20%\"><strong>Funci\u00f3<\/strong><\/td>\n<td width=\"10%\"><strong>Tipus<\/strong><\/td>\n<td width=\"10%\"><strong>Durada<\/strong><\/td>\n<\/tr>\n<tr>\n<td width=\"10%\">\u201cOsteopatia Girona\u201d<\/td>\n<td width=\"10%\">osteopatia-girona.com<\/td>\n<td width=\"20%\">fslightbox-scrollbar-width<\/td>\n<td width=\"20%\">Registra si la detecci\u00f3 del despla\u00e7ament total de la web est\u00e0 activa. Aquesta funci\u00f3 recorda fins on s\u2019ha despla\u00e7at l\u2019usuari a la sessi\u00f3 actual a trav\u00e9s de subp\u00e0gines de la web.<\/td>\n<td width=\"10%\">Html<\/td>\n<td width=\"10%\">Persisitent<\/td>\n<\/tr>\n<\/tbody>\n<\/table>\n<p><strong><u>Cookies de estad\u00edstiques:<\/u><\/strong> Les cookies estad\u00edstiques ajuden als propietaris de p\u00e0gines web a comprendre com interactuen els visitants amb les p\u00e0gines web reunint i proporcionant informaci\u00f3 de forma an\u00f2nima.<\/p>\n<p>&nbsp;<\/p>\n<table width=\"100%\">\n<tbody>\n<tr>\n<td width=\"10%\">Titularitat<\/td>\n<td width=\"10%\">Domini<\/td>\n<td width=\"20%\">Nom<\/td>\n<td width=\"20%\">Funci\u00f3<\/td>\n<td width=\"10%\">Tipus<\/td>\n<td width=\"10%\">Durada<\/td>\n<\/tr>\n<tr>\n<td width=\"10%\">Google<\/td>\n<td width=\"10%\">osteopatia-girona.com<\/td>\n<td width=\"20%\">_ga<\/td>\n<td width=\"20%\">Registra una identificaci\u00f3 \u00fanica que s\u2019utilitza per a generar dades estad\u00edstiques sobre com utilitza el visitant el lloc web.<\/td>\n<td width=\"10%\">Http<\/td>\n<td width=\"10%\">2 anys<\/td>\n<\/tr>\n<tr>\n<td width=\"10%\">Google<\/td>\n<td width=\"10%\">osteopatia-girona.com<\/td>\n<td width=\"20%\">_ga_#<\/td>\n<td width=\"20%\">Recopila dades sobre el nombre de vegades que un usuari ha visitat el lloc web a m\u00e9s de les dates de la primera visita i de la m\u00e9s recent.<\/td>\n<td width=\"10%\">Http<\/td>\n<td width=\"10%\">2 anys<\/td>\n<\/tr>\n<\/tbody>\n<\/table>\n<p>&nbsp;<\/p>\n<p>Una vegada seleccionades les cookies al banner, per desactivar-les o reactivar-les al seu dispositiu, ho haur\u00e0 de fer a trav\u00e9s del seu navegador d\u2019Internet o a trav\u00e9s del propi banner.<\/p>\n<p>&nbsp;<\/p>\n<p>Per a m\u00e9s informaci\u00f3 de com gestionar les cookies consulti els seg\u00fcents enlla\u00e7os:<\/p>\n<p>&nbsp;<\/p>\n<p>Chrome des d\u2019aqu\u00ed: <a href=\"http:\/\/support.google.com\/chrome\/bin\/answer.py?hl=es&amp;answer=95647\">http:\/\/support.google.com\/chrome\/bin\/answer.py?hl=es&amp;answer=95647<\/a><\/p>\n<p>Firefox des d\u2019aqu\u00ed: <a href=\"http:\/\/support.mozilla.org\/es\/kb\/habilitar-y-deshabilitar-cookies-que-los-sitios-we\">http:\/\/support.mozilla.org\/es\/kb\/habilitar-y-deshabilitar-cookies-que-los-sitios-we<\/a><\/p>\n<p>Explorer des d\u2019aqu\u00ed: <a href=\"https:\/\/support.microsoft.com\/es-es\/help\/17442\/windows-internet-explorer-delete-manage-cookies\">https:\/\/support.microsoft.com\/es-es\/help\/17442\/windows-internet-explorer-delete-manage-cookies<\/a><\/p>\n<p>Safari des d\u2019aqu\u00ed: <a href=\"http:\/\/support.apple.com\/kb\/ph5042\">http:\/\/support.apple.com\/kb\/ph5042<\/a><\/p>\n<p>Opera des d\u2019aqu\u00ed: <a href=\"http:\/\/help.opera.com\/Windows\/11.50\/es-ES\/cookies.html\">http:\/\/help.opera.com\/Windows\/11.50\/es-ES\/cookies.html<\/a><\/p>\n<p>&nbsp;<\/p>\n<p>SERVEIS DE TERCERS<\/p>\n<p>&nbsp;<\/p>\n<p>Addicionalment, \u201cOsteopatia Girona\u201d t\u00e9 pres\u00e8ncia en portals per als quals, si desitja con\u00e8ixer les condicions de privacitat i \u00fas de cookies, s&#8217;han de consultar les pol\u00edtiques proporcionades pels mateixos:<\/p>\n<p>&nbsp;<\/p>\n<p>Facebook: https:\/\/www.facebook.com\/policies\/cookies\/<\/p>\n<p>Twitter: https:\/\/twitter.com\/privacy<\/p>\n<p>Youtube: https:\/\/policies.google.com\/technologies\/cookies?hl=es<\/p>\n<p>Linkedin: http:\/\/www.linkedin.com\/legal\/privacy-policy<\/p>\n<p>Google: https:\/\/policies.google.com\/technologies\/cookies?hl=es<\/p>\n<p>Instagram: https:\/\/help.instagram.com\/[\/vc_column_text][vc_empty_space height=\u00bb72px\u00bb][\/vc_column][\/vc_row]<\/p>\n","protected":false},"excerpt":{"rendered":"<p>[vc_row css_animation=\u00bb\u00bb row_type=\u00bbrow\u00bb use_row_as_full_screen_section=\u00bbno\u00bb type=\u00bbfull_width\u00bb angled_section=\u00bbno\u00bb text_align=\u00bbleft\u00bb background_image_as_pattern=\u00bbwithout_pattern\u00bb][vc_column][vc_empty_space height=\u00bb100px\u00bb][vc_column_text el_class=\u00bbtable-left-pol\u00bb]Les cookies s\u00f3n petits arxius que s\u2019instal\u00b7len a l\u2019ordinador de l\u2019usuari i que permeten al responsable d\u2019un servei millorar la forma d\u2019interactuar entre els seus visitants i el seu lloc web. En alguns casos, la instal\u00b7laci\u00f3&#8230;<\/p>\n","protected":false},"author":1,"featured_media":0,"parent":0,"menu_order":0,"comment_status":"closed","ping_status":"closed","template":"","meta":{"footnotes":""},"class_list":["post-700","page","type-page","status-publish","hentry"],"yoast_head":"<!-- This site is optimized with the Yoast SEO plugin v22.8 - https:\/\/yoast.com\/wordpress\/plugins\/seo\/ -->\n<title>Pol\u00edtica de cookies - osteopatia girona<\/title>\n<meta name=\"robots\" content=\"noindex, follow\" \/>\n<meta property=\"og:locale\" content=\"es_ES\" \/>\n<meta property=\"og:type\" content=\"article\" \/>\n<meta property=\"og:title\" content=\"Pol\u00edtica de cookies - osteopatia girona\" \/>\n<meta property=\"og:description\" content=\"[vc_row css_animation=\u00bb\u00bb row_type=\u00bbrow\u00bb use_row_as_full_screen_section=\u00bbno\u00bb type=\u00bbfull_width\u00bb angled_section=\u00bbno\u00bb text_align=\u00bbleft\u00bb background_image_as_pattern=\u00bbwithout_pattern\u00bb][vc_column][vc_empty_space height=\u00bb100px\u00bb][vc_column_text el_class=\u00bbtable-left-pol\u00bb]Les cookies s\u00f3n petits arxius que s\u2019instal\u00b7len a l\u2019ordinador de l\u2019usuari i que permeten al responsable d\u2019un servei millorar la forma d\u2019interactuar entre els seus visitants i el seu lloc web. En alguns casos, la instal\u00b7laci\u00f3...\" \/>\n<meta property=\"og:url\" content=\"https:\/\/osteopatia-girona.com\/index.php\/politica-de-cookies\/\" \/>\n<meta property=\"og:site_name\" content=\"osteopatia girona\" \/>\n<meta property=\"article:modified_time\" content=\"2022-01-26T12:04:30+00:00\" \/>\n<meta name=\"twitter:card\" content=\"summary_large_image\" \/>\n<meta name=\"twitter:label1\" content=\"Tiempo de lectura\" \/>\n\t<meta name=\"twitter:data1\" content=\"3 minutos\" \/>\n<script type=\"application\/ld+json\" class=\"yoast-schema-graph\">{\"@context\":\"https:\/\/schema.org\",\"@graph\":[{\"@type\":\"WebPage\",\"@id\":\"https:\/\/osteopatia-girona.com\/index.php\/politica-de-cookies\/\",\"url\":\"https:\/\/osteopatia-girona.com\/index.php\/politica-de-cookies\/\",\"name\":\"Pol\u00edtica de cookies - osteopatia girona\",\"isPartOf\":{\"@id\":\"https:\/\/osteopatia-girona.com\/#website\"},\"datePublished\":\"2021-12-20T12:21:26+00:00\",\"dateModified\":\"2022-01-26T12:04:30+00:00\",\"breadcrumb\":{\"@id\":\"https:\/\/osteopatia-girona.com\/index.php\/politica-de-cookies\/#breadcrumb\"},\"inLanguage\":\"es\",\"potentialAction\":[{\"@type\":\"ReadAction\",\"target\":[\"https:\/\/osteopatia-girona.com\/index.php\/politica-de-cookies\/\"]}]},{\"@type\":\"BreadcrumbList\",\"@id\":\"https:\/\/osteopatia-girona.com\/index.php\/politica-de-cookies\/#breadcrumb\",\"itemListElement\":[{\"@type\":\"ListItem\",\"position\":1,\"name\":\"Portada\",\"item\":\"https:\/\/osteopatia-girona.com\/\"},{\"@type\":\"ListItem\",\"position\":2,\"name\":\"Pol\u00edtica de cookies\"}]},{\"@type\":\"WebSite\",\"@id\":\"https:\/\/osteopatia-girona.com\/#website\",\"url\":\"https:\/\/osteopatia-girona.com\/\",\"name\":\"osteopatia girona\",\"description\":\"osteopatia girona\",\"publisher\":{\"@id\":\"https:\/\/osteopatia-girona.com\/#organization\"},\"potentialAction\":[{\"@type\":\"SearchAction\",\"target\":{\"@type\":\"EntryPoint\",\"urlTemplate\":\"https:\/\/osteopatia-girona.com\/?s={search_term_string}\"},\"query-input\":\"required name=search_term_string\"}],\"inLanguage\":\"es\"},{\"@type\":\"Organization\",\"@id\":\"https:\/\/osteopatia-girona.com\/#organization\",\"name\":\"osteopatia girona\",\"url\":\"https:\/\/osteopatia-girona.com\/\",\"logo\":{\"@type\":\"ImageObject\",\"inLanguage\":\"es\",\"@id\":\"https:\/\/osteopatia-girona.com\/#\/schema\/logo\/image\/\",\"url\":\"https:\/\/osteopatia-girona.com\/wp-content\/uploads\/2022\/01\/osteopatiagirona.webp\",\"contentUrl\":\"https:\/\/osteopatia-girona.com\/wp-content\/uploads\/2022\/01\/osteopatiagirona.webp\",\"width\":472,\"height\":279,\"caption\":\"osteopatia girona\"},\"image\":{\"@id\":\"https:\/\/osteopatia-girona.com\/#\/schema\/logo\/image\/\"},\"sameAs\":[\"https:\/\/www.instagram.com\/osteopatiagirona\/\"]}]}<\/script>\n<!-- \/ Yoast SEO plugin. -->","yoast_head_json":{"title":"Pol\u00edtica de cookies - osteopatia girona","robots":{"index":"noindex","follow":"follow"},"og_locale":"es_ES","og_type":"article","og_title":"Pol\u00edtica de cookies - osteopatia girona","og_description":"[vc_row css_animation=\u00bb\u00bb row_type=\u00bbrow\u00bb use_row_as_full_screen_section=\u00bbno\u00bb type=\u00bbfull_width\u00bb angled_section=\u00bbno\u00bb text_align=\u00bbleft\u00bb background_image_as_pattern=\u00bbwithout_pattern\u00bb][vc_column][vc_empty_space height=\u00bb100px\u00bb][vc_column_text el_class=\u00bbtable-left-pol\u00bb]Les cookies s\u00f3n petits arxius que s\u2019instal\u00b7len a l\u2019ordinador de l\u2019usuari i que permeten al responsable d\u2019un servei millorar la forma d\u2019interactuar entre els seus visitants i el seu lloc web. En alguns casos, la instal\u00b7laci\u00f3...","og_url":"https:\/\/osteopatia-girona.com\/index.php\/politica-de-cookies\/","og_site_name":"osteopatia girona","article_modified_time":"2022-01-26T12:04:30+00:00","twitter_card":"summary_large_image","twitter_misc":{"Tiempo de lectura":"3 minutos"},"schema":{"@context":"https:\/\/schema.org","@graph":[{"@type":"WebPage","@id":"https:\/\/osteopatia-girona.com\/index.php\/politica-de-cookies\/","url":"https:\/\/osteopatia-girona.com\/index.php\/politica-de-cookies\/","name":"Pol\u00edtica de cookies - osteopatia girona","isPartOf":{"@id":"https:\/\/osteopatia-girona.com\/#website"},"datePublished":"2021-12-20T12:21:26+00:00","dateModified":"2022-01-26T12:04:30+00:00","breadcrumb":{"@id":"https:\/\/osteopatia-girona.com\/index.php\/politica-de-cookies\/#breadcrumb"},"inLanguage":"es","potentialAction":[{"@type":"ReadAction","target":["https:\/\/osteopatia-girona.com\/index.php\/politica-de-cookies\/"]}]},{"@type":"BreadcrumbList","@id":"https:\/\/osteopatia-girona.com\/index.php\/politica-de-cookies\/#breadcrumb","itemListElement":[{"@type":"ListItem","position":1,"name":"Portada","item":"https:\/\/osteopatia-girona.com\/"},{"@type":"ListItem","position":2,"name":"Pol\u00edtica de cookies"}]},{"@type":"WebSite","@id":"https:\/\/osteopatia-girona.com\/#website","url":"https:\/\/osteopatia-girona.com\/","name":"osteopatia girona","description":"osteopatia girona","publisher":{"@id":"https:\/\/osteopatia-girona.com\/#organization"},"potentialAction":[{"@type":"SearchAction","target":{"@type":"EntryPoint","urlTemplate":"https:\/\/osteopatia-girona.com\/?s={search_term_string}"},"query-input":"required name=search_term_string"}],"inLanguage":"es"},{"@type":"Organization","@id":"https:\/\/osteopatia-girona.com\/#organization","name":"osteopatia girona","url":"https:\/\/osteopatia-girona.com\/","logo":{"@type":"ImageObject","inLanguage":"es","@id":"https:\/\/osteopatia-girona.com\/#\/schema\/logo\/image\/","url":"https:\/\/osteopatia-girona.com\/wp-content\/uploads\/2022\/01\/osteopatiagirona.webp","contentUrl":"https:\/\/osteopatia-girona.com\/wp-content\/uploads\/2022\/01\/osteopatiagirona.webp","width":472,"height":279,"caption":"osteopatia girona"},"image":{"@id":"https:\/\/osteopatia-girona.com\/#\/schema\/logo\/image\/"},"sameAs":["https:\/\/www.instagram.com\/osteopatiagirona\/"]}]}},"_links":{"self":[{"href":"https:\/\/osteopatia-girona.com\/index.php\/wp-json\/wp\/v2\/pages\/700","targetHints":{"allow":["GET"]}}],"collection":[{"href":"https:\/\/osteopatia-girona.com\/index.php\/wp-json\/wp\/v2\/pages"}],"about":[{"href":"https:\/\/osteopatia-girona.com\/index.php\/wp-json\/wp\/v2\/types\/page"}],"author":[{"embeddable":true,"href":"https:\/\/osteopatia-girona.com\/index.php\/wp-json\/wp\/v2\/users\/1"}],"replies":[{"embeddable":true,"href":"https:\/\/osteopatia-girona.com\/index.php\/wp-json\/wp\/v2\/comments?post=700"}],"version-history":[{"count":7,"href":"https:\/\/osteopatia-girona.com\/index.php\/wp-json\/wp\/v2\/pages\/700\/revisions"}],"predecessor-version":[{"id":721,"href":"https:\/\/osteopatia-girona.com\/index.php\/wp-json\/wp\/v2\/pages\/700\/revisions\/721"}],"wp:attachment":[{"href":"https:\/\/osteopatia-girona.com\/index.php\/wp-json\/wp\/v2\/media?parent=700"}],"curies":[{"name":"wp","href":"https:\/\/api.w.org\/{rel}","templated":true}]}}