{"id":693,"date":"2021-12-20T12:09:25","date_gmt":"2021-12-20T12:09:25","guid":{"rendered":"https:\/\/osteopatia-girona.com\/?page_id=693"},"modified":"2022-01-18T11:42:48","modified_gmt":"2022-01-18T11:42:48","slug":"avis-legal","status":"publish","type":"page","link":"https:\/\/osteopatia-girona.com\/index.php\/avis-legal\/","title":{"rendered":"Av\u00eds legal"},"content":{"rendered":"<p>[vc_row css_animation=\u00bb\u00bb row_type=\u00bbrow\u00bb use_row_as_full_screen_section=\u00bbno\u00bb type=\u00bbfull_width\u00bb angled_section=\u00bbno\u00bb text_align=\u00bbleft\u00bb background_image_as_pattern=\u00bbwithout_pattern\u00bb][vc_column][vc_empty_space height=\u00bb100px\u00bb][vc_column_text]En compliment amb el que estableix la Llei 34\/2002 de 11 de Juliol, de Serveis de la Societat de la Informaci\u00f3 i el Comer\u00e7 Electr\u00f2nic (LSSICE), s&#8217;informa dels seg\u00fcents aspectes legals:<\/p>\n<p>&nbsp;<\/p>\n<h3>Propietat de la p\u00e0gina web<\/h3>\n<p>&nbsp;<\/p>\n<p>Titular: CLARA CORBELLA VIR\u00d3S<\/p>\n<p>CIF: 44.000.807-J<\/p>\n<p>Tel\u00e8fon: 972228614<\/p>\n<p>Adre\u00e7a: C\/ Francesc Rog\u00e9s, num. 19, 17005, Girona<\/p>\n<p>Contacte: clara.corbella@osteopates.org<\/p>\n<p>&nbsp;<\/p>\n<h3>Finalitat de la web<\/h3>\n<p><strong>\u00a0<\/strong><\/p>\n<p>La p\u00e0gina web osteopatia-girona.com t\u00e9 com a objecte facilitar al p\u00fablic en general el coneixement de les activitats de fisioter\u00e0pia que realitza.<\/p>\n<p><strong>\u00a0<\/strong><\/p>\n<h3>Condicions generals d&#8217;\u00fas<\/h3>\n<p>&nbsp;<\/p>\n<p>L&#8217;acc\u00e9s a la web osteopatia-girona.com \u00e9s responsabilitat exclusiva dels usuaris, i suposa acceptar i con\u00e8ixer l&#8217;av\u00eds legal, la pol\u00edtica de cookies i la pol\u00edtica de privacitat.<\/p>\n<p>&nbsp;<\/p>\n<p>L&#8217;\u00fas de qualsevol de les funcionalitats del lloc web implica l&#8217;expressa i plena acceptaci\u00f3 de les condicions aqu\u00ed exposades, sense perjudici d&#8217;aquelles particulars que poguessin aplicar a alguns dels serveis concrets oferts a trav\u00e9s del lloc web.<\/p>\n<p>&nbsp;<\/p>\n<p>El titular del lloc web es reserva la facultat d&#8217;efectuar, en qualsevol moment i sense necessitat de previ av\u00eds, modificacions i actualitzacions de la informaci\u00f3 continguda a la seva web o a la configuraci\u00f3 i presentaci\u00f3 d&#8217;aquesta.<\/p>\n<p>&nbsp;<\/p>\n<p>Amb l&#8217;objectiu de mantenir actualitzada la informaci\u00f3 publicada a la web osteopatia-girona.com, els continguts d&#8217;aquest podran ser modificats, corregits, eliminats o afegits en qualsevol moment, de manera que ser\u00e0 convenient comprovar la vig\u00e8ncia o exactitud d&#8217;aquests acudint sempre a les fonts oficials.<\/p>\n<p>&nbsp;<\/p>\n<p>L&#8217;usuari es compromet a la correcta utilitzaci\u00f3 de la web i utilitats que se li proporcionin d\u2019acord amb la llei, el present Av\u00eds Legal, i les instruccions i avisos que se li comuniquin. L&#8217;usuari s&#8217;obliga a l&#8217;\u00fas exclusiu del web, i tots els seus continguts, per a fins l\u00edcits i no prohibits, que no infringeixin la legalitat vigent i\/o puguin resultar lesius dels drets leg\u00edtims de \u201cOsteopatia Girona\u201d, i\/o que puguin causar qualsevol dany o perjudici de manera directa o indirecta.<\/p>\n<p>&nbsp;<\/p>\n<h3>Propietat intel\u00b7lectual, industrial<\/h3>\n<p>&nbsp;<\/p>\n<p>Tots els elements que formen el lloc web, aix\u00ed com la seva estructura, disseny, codi font, logotips, marques i altres signes distintius que apareixen a la mateixa, s\u00f3n titularitat de CLARA CORBELLA VIR\u00d3S o dels seus col\u00b7laboradors i estan protegits pels corresponents drets de propietat intel\u00b7lectual i industrial.<\/p>\n<p>&nbsp;<\/p>\n<p>Igualment estan protegits pels corresponents drets de propietat intel\u00b7lectual i industrial les imatges i altres elements gr\u00e0fics inclosos al lloc web. El seu \u00fas, reproducci\u00f3, distribuci\u00f3, comunicaci\u00f3 p\u00fablica, transformaci\u00f3 o qualsevol altra activitat similar o an\u00e0loga, queda totalment prohibida llevat que hi hagi pr\u00e8via i expressa autoritzaci\u00f3 del titular.<\/p>\n<p>&nbsp;<\/p>\n<p>Respecte a les cites de productes i serveis de tercers, el titular del lloc web reconeix a favor dels seus titulars els corresponents drets de propietat industrial i intel\u00b7lectual, no implicant el seu sol esment o aparici\u00f3 a la web l&#8217;exist\u00e8ncia de drets ni de cap responsabilitat sobre els mateixos, com tampoc patrocini o recomanaci\u00f3.<\/p>\n<p>&nbsp;<\/p>\n<p>El titular del lloc web declara el seu respecte als drets de propietat intel\u00b7lectual i industrial de tercers; per aix\u00f2, si considera que al nostre lloc web es poguessin estar violant els seus drets, preguem es posi en contacte amb el titular de la p\u00e0gina web.<\/p>\n<p><strong>\u00a0<\/strong><\/p>\n<h3>Responsabilitat<\/h3>\n<p>&nbsp;<\/p>\n<p>El titular del lloc web no garanteix la inexist\u00e8ncia d&#8217;errors en l&#8217;acc\u00e9s a la web, al seu contingut, ni que aquest es trobi actualitzat, encara que el titular del lloc web desenvolupar\u00e0 els seus millors esfor\u00e7os per a, si \u00e9s el cas, evitar-los, resoldre&#8217;ls o actualitzar-los.<\/p>\n<p>&nbsp;<\/p>\n<p>Tant l&#8217;acc\u00e9s a aquesta web, com l&#8217;\u00fas que es pugui fer de la informaci\u00f3 continguda als mateixos \u00e9s d\u2019exclusiva responsabilitat de qui ho realitza.<\/p>\n<p>&nbsp;<\/p>\n<p>En cas que l&#8217;usuari consideri que existeix algun contingut que pogu\u00e9s ser susceptible d&#8217;aquesta classificaci\u00f3, preguem es posi en contacte amb el titular de la p\u00e0gina web. En compliment del que disposa la Llei de serveis de la societat de la informaci\u00f3 i de comer\u00e7 electr\u00f2nic, el titular del lloc web es posa a disposici\u00f3 de tots els usuaris, autoritats i forces de seguretat, i col\u00b7laborant de forma activa en la retirada o si \u00e9s el cas bloqueig de tots aquells continguts que puguin afectar o contravenir la legislaci\u00f3 nacional, o internacional, drets de tercers o la moral i l&#8217;ordre p\u00fablic.<\/p>\n<p>&nbsp;<\/p>\n<h3>Enlla\u00e7os<\/h3>\n<p>&nbsp;<\/p>\n<p>Els enlla\u00e7os continguts al nostre lloc web poden dirigir a continguts web de tercers. L&#8217;objectiu d&#8217;aquests enlla\u00e7os \u00e9s \u00fanicament facilitar la recerca dels recursos que puguin ser d\u2019inter\u00e8s a trav\u00e9s d&#8217;Internet. No obstant aix\u00f2, aquestes p\u00e0gines no pertanyen al mateix titular de la p\u00e0gina web, ni fa una revisi\u00f3 dels seus continguts i, per aix\u00f2, el titular del lloc web no assumeix cap responsabilitat pel contingut, informacions o serveis que poguessin apar\u00e8ixer en aquests llocs que tindran exclusivament car\u00e0cter informatiu i que en cap cas impliquen cap relaci\u00f3 entre el titular del lloc web i de les persones o entitats titulars d\u2019aquests continguts o titulars d&#8217;altres llocs on es trobin. El titular del lloc web tampoc es fa responsable del funcionament de la p\u00e0gina enlla\u00e7ada o dels possibles danys que puguin derivar-se de l&#8217;acc\u00e9s o \u00fas d&#8217;aquesta.<\/p>\n<p>&nbsp;<\/p>\n<p>L&#8217;establiment de l&#8217;enlla\u00e7 amb una altra p\u00e0gina web no suposar\u00e0 cap tipus d&#8217;acord, contracte, patrocini ni recomanaci\u00f3 per part de \u201cOsteopatia Girona\u201d.<\/p>\n<p>&nbsp;<\/p>\n<p>\u201cOsteopatia Girona\u201d no es responsabilitza de cap manera ni garanteix la claredat, exactitud, fiabilitat, correcci\u00f3 o moralitat de continguts o serveis que l&#8217;establiment de l&#8217;enlla\u00e7 amb una altra p\u00e0gina web pugui oferir. L&#8217;usuari assumeix sota la seva exclusiva responsabilitat les conseq\u00fc\u00e8ncies, danys o accions que poguessin derivar-se de l&#8217;acc\u00e9s a la p\u00e0gina de l&#8217;enlla\u00e7.<\/p>\n<p>&nbsp;<\/p>\n<h3>Protecci\u00f3 de dades<\/h3>\n<p>&nbsp;<\/p>\n<p>Per a aquells casos que es recaptin, tractin o emmagatzemin dades personals, es far\u00e0 en conformitat amb la Pol\u00edtica de Privacitat publicada a la p\u00e0gina web i que pot consultar al peu de la mateixa.<\/p>\n<p>&nbsp;<\/p>\n<p><strong>\u00a0<\/strong><\/p>\n<h3>Llei Aplicable i jurisdicci\u00f3<\/h3>\n<p>&nbsp;<\/p>\n<p>La llei aplicable en cas de disputa o conflicte d&#8217;interpretaci\u00f3 dels termes que conformen aquest Av\u00eds Legal, aix\u00ed com qualsevol q\u00fcesti\u00f3 relacionada amb els serveis del present Portal, ser\u00e0 la llei espanyola.<\/p>\n<p>&nbsp;<\/p>\n<p>Per a la resoluci\u00f3 de qualsevol conflicte que pugui sorgir amb ocasi\u00f3 de la visita al lloc web o de l&#8217;\u00fas dels serveis que en ell es puguin oferir, el titular de el lloc web i l&#8217;usuari acorden sotmetre\u2019s als jutges i tribunals del domicili de l&#8217;usuari, sempre que aquest estigui situat en territori espanyol i actu\u00ef en condici\u00f3 de consumidor.[\/vc_column_text][vc_empty_space height=\u00bb72px\u00bb][\/vc_column][\/vc_row]<\/p>\n","protected":false},"excerpt":{"rendered":"<p>[vc_row css_animation=\u00bb\u00bb row_type=\u00bbrow\u00bb use_row_as_full_screen_section=\u00bbno\u00bb type=\u00bbfull_width\u00bb angled_section=\u00bbno\u00bb text_align=\u00bbleft\u00bb background_image_as_pattern=\u00bbwithout_pattern\u00bb][vc_column][vc_empty_space height=\u00bb100px\u00bb][vc_column_text]En compliment amb el que estableix la Llei 34\/2002 de 11 de Juliol, de Serveis de la Societat de la Informaci\u00f3 i el Comer\u00e7 Electr\u00f2nic (LSSICE), s&#8217;informa dels seg\u00fcents aspectes legals: &nbsp; Propietat de la p\u00e0gina web&#8230;<\/p>\n","protected":false},"author":1,"featured_media":0,"parent":0,"menu_order":0,"comment_status":"closed","ping_status":"closed","template":"","meta":{"footnotes":""},"class_list":["post-693","page","type-page","status-publish","hentry"],"yoast_head":"<!-- This site is optimized with the Yoast SEO plugin v22.8 - https:\/\/yoast.com\/wordpress\/plugins\/seo\/ -->\n<title>Av\u00eds legal - osteopatia girona<\/title>\n<meta name=\"robots\" content=\"noindex, follow\" \/>\n<meta property=\"og:locale\" content=\"es_ES\" \/>\n<meta property=\"og:type\" content=\"article\" \/>\n<meta property=\"og:title\" content=\"Av\u00eds legal - osteopatia girona\" \/>\n<meta property=\"og:description\" content=\"[vc_row css_animation=\u00bb\u00bb row_type=\u00bbrow\u00bb use_row_as_full_screen_section=\u00bbno\u00bb type=\u00bbfull_width\u00bb angled_section=\u00bbno\u00bb text_align=\u00bbleft\u00bb background_image_as_pattern=\u00bbwithout_pattern\u00bb][vc_column][vc_empty_space height=\u00bb100px\u00bb][vc_column_text]En compliment amb el que estableix la Llei 34\/2002 de 11 de Juliol, de Serveis de la Societat de la Informaci\u00f3 i el Comer\u00e7 Electr\u00f2nic (LSSICE), s&#8217;informa dels seg\u00fcents aspectes legals: &nbsp; Propietat de la p\u00e0gina web...\" \/>\n<meta property=\"og:url\" content=\"https:\/\/osteopatia-girona.com\/index.php\/avis-legal\/\" \/>\n<meta property=\"og:site_name\" content=\"osteopatia girona\" \/>\n<meta property=\"article:modified_time\" content=\"2022-01-18T11:42:48+00:00\" \/>\n<meta name=\"twitter:card\" content=\"summary_large_image\" \/>\n<meta name=\"twitter:label1\" content=\"Tiempo de lectura\" \/>\n\t<meta name=\"twitter:data1\" content=\"5 minutos\" \/>\n<script type=\"application\/ld+json\" class=\"yoast-schema-graph\">{\"@context\":\"https:\/\/schema.org\",\"@graph\":[{\"@type\":\"WebPage\",\"@id\":\"https:\/\/osteopatia-girona.com\/index.php\/avis-legal\/\",\"url\":\"https:\/\/osteopatia-girona.com\/index.php\/avis-legal\/\",\"name\":\"Av\u00eds legal - osteopatia girona\",\"isPartOf\":{\"@id\":\"https:\/\/osteopatia-girona.com\/#website\"},\"datePublished\":\"2021-12-20T12:09:25+00:00\",\"dateModified\":\"2022-01-18T11:42:48+00:00\",\"breadcrumb\":{\"@id\":\"https:\/\/osteopatia-girona.com\/index.php\/avis-legal\/#breadcrumb\"},\"inLanguage\":\"es\",\"potentialAction\":[{\"@type\":\"ReadAction\",\"target\":[\"https:\/\/osteopatia-girona.com\/index.php\/avis-legal\/\"]}]},{\"@type\":\"BreadcrumbList\",\"@id\":\"https:\/\/osteopatia-girona.com\/index.php\/avis-legal\/#breadcrumb\",\"itemListElement\":[{\"@type\":\"ListItem\",\"position\":1,\"name\":\"Portada\",\"item\":\"https:\/\/osteopatia-girona.com\/\"},{\"@type\":\"ListItem\",\"position\":2,\"name\":\"Av\u00eds legal\"}]},{\"@type\":\"WebSite\",\"@id\":\"https:\/\/osteopatia-girona.com\/#website\",\"url\":\"https:\/\/osteopatia-girona.com\/\",\"name\":\"osteopatia girona\",\"description\":\"osteopatia girona\",\"publisher\":{\"@id\":\"https:\/\/osteopatia-girona.com\/#organization\"},\"potentialAction\":[{\"@type\":\"SearchAction\",\"target\":{\"@type\":\"EntryPoint\",\"urlTemplate\":\"https:\/\/osteopatia-girona.com\/?s={search_term_string}\"},\"query-input\":\"required name=search_term_string\"}],\"inLanguage\":\"es\"},{\"@type\":\"Organization\",\"@id\":\"https:\/\/osteopatia-girona.com\/#organization\",\"name\":\"osteopatia girona\",\"url\":\"https:\/\/osteopatia-girona.com\/\",\"logo\":{\"@type\":\"ImageObject\",\"inLanguage\":\"es\",\"@id\":\"https:\/\/osteopatia-girona.com\/#\/schema\/logo\/image\/\",\"url\":\"https:\/\/osteopatia-girona.com\/wp-content\/uploads\/2022\/01\/osteopatiagirona.webp\",\"contentUrl\":\"https:\/\/osteopatia-girona.com\/wp-content\/uploads\/2022\/01\/osteopatiagirona.webp\",\"width\":472,\"height\":279,\"caption\":\"osteopatia girona\"},\"image\":{\"@id\":\"https:\/\/osteopatia-girona.com\/#\/schema\/logo\/image\/\"},\"sameAs\":[\"https:\/\/www.instagram.com\/osteopatiagirona\/\"]}]}<\/script>\n<!-- \/ Yoast SEO plugin. -->","yoast_head_json":{"title":"Av\u00eds legal - osteopatia girona","robots":{"index":"noindex","follow":"follow"},"og_locale":"es_ES","og_type":"article","og_title":"Av\u00eds legal - osteopatia girona","og_description":"[vc_row css_animation=\u00bb\u00bb row_type=\u00bbrow\u00bb use_row_as_full_screen_section=\u00bbno\u00bb type=\u00bbfull_width\u00bb angled_section=\u00bbno\u00bb text_align=\u00bbleft\u00bb background_image_as_pattern=\u00bbwithout_pattern\u00bb][vc_column][vc_empty_space height=\u00bb100px\u00bb][vc_column_text]En compliment amb el que estableix la Llei 34\/2002 de 11 de Juliol, de Serveis de la Societat de la Informaci\u00f3 i el Comer\u00e7 Electr\u00f2nic (LSSICE), s&#8217;informa dels seg\u00fcents aspectes legals: &nbsp; Propietat de la p\u00e0gina web...","og_url":"https:\/\/osteopatia-girona.com\/index.php\/avis-legal\/","og_site_name":"osteopatia girona","article_modified_time":"2022-01-18T11:42:48+00:00","twitter_card":"summary_large_image","twitter_misc":{"Tiempo de lectura":"5 minutos"},"schema":{"@context":"https:\/\/schema.org","@graph":[{"@type":"WebPage","@id":"https:\/\/osteopatia-girona.com\/index.php\/avis-legal\/","url":"https:\/\/osteopatia-girona.com\/index.php\/avis-legal\/","name":"Av\u00eds legal - osteopatia girona","isPartOf":{"@id":"https:\/\/osteopatia-girona.com\/#website"},"datePublished":"2021-12-20T12:09:25+00:00","dateModified":"2022-01-18T11:42:48+00:00","breadcrumb":{"@id":"https:\/\/osteopatia-girona.com\/index.php\/avis-legal\/#breadcrumb"},"inLanguage":"es","potentialAction":[{"@type":"ReadAction","target":["https:\/\/osteopatia-girona.com\/index.php\/avis-legal\/"]}]},{"@type":"BreadcrumbList","@id":"https:\/\/osteopatia-girona.com\/index.php\/avis-legal\/#breadcrumb","itemListElement":[{"@type":"ListItem","position":1,"name":"Portada","item":"https:\/\/osteopatia-girona.com\/"},{"@type":"ListItem","position":2,"name":"Av\u00eds legal"}]},{"@type":"WebSite","@id":"https:\/\/osteopatia-girona.com\/#website","url":"https:\/\/osteopatia-girona.com\/","name":"osteopatia girona","description":"osteopatia girona","publisher":{"@id":"https:\/\/osteopatia-girona.com\/#organization"},"potentialAction":[{"@type":"SearchAction","target":{"@type":"EntryPoint","urlTemplate":"https:\/\/osteopatia-girona.com\/?s={search_term_string}"},"query-input":"required name=search_term_string"}],"inLanguage":"es"},{"@type":"Organization","@id":"https:\/\/osteopatia-girona.com\/#organization","name":"osteopatia girona","url":"https:\/\/osteopatia-girona.com\/","logo":{"@type":"ImageObject","inLanguage":"es","@id":"https:\/\/osteopatia-girona.com\/#\/schema\/logo\/image\/","url":"https:\/\/osteopatia-girona.com\/wp-content\/uploads\/2022\/01\/osteopatiagirona.webp","contentUrl":"https:\/\/osteopatia-girona.com\/wp-content\/uploads\/2022\/01\/osteopatiagirona.webp","width":472,"height":279,"caption":"osteopatia girona"},"image":{"@id":"https:\/\/osteopatia-girona.com\/#\/schema\/logo\/image\/"},"sameAs":["https:\/\/www.instagram.com\/osteopatiagirona\/"]}]}},"_links":{"self":[{"href":"https:\/\/osteopatia-girona.com\/index.php\/wp-json\/wp\/v2\/pages\/693","targetHints":{"allow":["GET"]}}],"collection":[{"href":"https:\/\/osteopatia-girona.com\/index.php\/wp-json\/wp\/v2\/pages"}],"about":[{"href":"https:\/\/osteopatia-girona.com\/index.php\/wp-json\/wp\/v2\/types\/page"}],"author":[{"embeddable":true,"href":"https:\/\/osteopatia-girona.com\/index.php\/wp-json\/wp\/v2\/users\/1"}],"replies":[{"embeddable":true,"href":"https:\/\/osteopatia-girona.com\/index.php\/wp-json\/wp\/v2\/comments?post=693"}],"version-history":[{"count":5,"href":"https:\/\/osteopatia-girona.com\/index.php\/wp-json\/wp\/v2\/pages\/693\/revisions"}],"predecessor-version":[{"id":711,"href":"https:\/\/osteopatia-girona.com\/index.php\/wp-json\/wp\/v2\/pages\/693\/revisions\/711"}],"wp:attachment":[{"href":"https:\/\/osteopatia-girona.com\/index.php\/wp-json\/wp\/v2\/media?parent=693"}],"curies":[{"name":"wp","href":"https:\/\/api.w.org\/{rel}","templated":true}]}}