{"id":458,"date":"2021-06-06T21:34:19","date_gmt":"2021-06-06T21:34:19","guid":{"rendered":"https:\/\/osteopatia-girona.com\/?page_id=458"},"modified":"2021-11-23T09:09:51","modified_gmt":"2021-11-23T09:09:51","slug":"tract2","status":"publish","type":"page","link":"https:\/\/osteopatia-girona.com\/index.php\/tract2\/","title":{"rendered":"TRACTAMENTS"},"content":{"rendered":"<p>[vc_row css_animation=\u00bb\u00bb row_type=\u00bbrow\u00bb use_row_as_full_screen_section=\u00bbno\u00bb type=\u00bbfull_width\u00bb angled_section=\u00bbno\u00bb text_align=\u00bbleft\u00bb background_image_as_pattern=\u00bbwithout_pattern\u00bb][vc_column][qode_elements_holder number_of_columns=\u00bbtwo_columns\u00bb][qode_elements_holder_item advanced_animations=\u00bbno\u00bb item_padding=\u00bb20% 10% 20% 10%\u00bb][vc_column_text el_id=\u00bbid1&#8243;]<\/p>\n<h5><strong>Osteopatia d\u2019adults<\/strong><\/h5>\n<p>[\/vc_column_text][vc_empty_space][vc_column_text]Al llarg de la vida el nostre cos va acumulant nombroses lesions, agressions i tensions, ja siguin degudes a traumatismes, males postures mantingudes, sobrec\u00e0rregues, moviments repetitius o estr\u00e8s. Tamb\u00e9 la gen\u00e8tica ens pot predisposar a patir determinades malalties o afeccions.<\/p>\n<p>Amb l\u2019osteopatia tractem el pacient tenint en compte l\u2019estat previ i tot el que li ha succe\u00eft en el temps i que ha anat deixant empremta en el seu cos.<\/p>\n<p>L\u2019osteopatia est\u00e0 indicada per a totes aquelles disfuncions m\u00fascul-esquel\u00e8tiques que comportin dolor a nivell de la columna vertebral (lumb\u00e0lgies, ci\u00e0tiques, dolors cervicals, braqui\u00e0lgies, dors\u00e0lgies, protrusions i h\u00e8rnies discals, contractures, fuetades cervicals\u00a0post traum\u00e0tiques) i de les extremitats superiors i inferiors.<\/p>\n<p>Amb osteopatia tamb\u00e9 tractem altres tipus de s\u00edmptomes com migranyes, vert\u00edgens, bruxisme i problemes d\u2019oclusi\u00f3, trastorns circulatoris, digestius (reflux g\u00e0stric, h\u00e8rnia de hiatus, digestions pesades, flatul\u00e8ncies, dolors abdominals, restrenyiment) endocrins, , ginecol\u00f2gics, etc.<\/p>\n<p>Mitjan\u00e7ant t\u00e8cniques manuals adaptades a cada pacient, corregim les restriccions de mobilitat que dificulten una bona vascularitzaci\u00f3 i connexi\u00f3 nerviosa. Aix\u00ed ajudem a retornar el cos al seu estat d\u2019equilibri, millorant la seva capacitat d\u2019autoregulaci\u00f3.[\/vc_column_text][vc_raw_html]JTNDc3BhbiUyMGlkJTNEJTIyaWQyJTIyJTNFJUMyJUEwJTNDJTJGc3BhbiUzRQ==[\/vc_raw_html][\/qode_elements_holder_item][qode_elements_holder_item cover=\u00bbyes\u00bb advanced_animations=\u00bbno\u00bb background_image=\u00bb513&#8243;][\/qode_elements_holder_item][\/qode_elements_holder][qode_elements_holder number_of_columns=\u00bbtwo_columns\u00bb][qode_elements_holder_item cover=\u00bbyes\u00bb advanced_animations=\u00bbno\u00bb background_image=\u00bb515&#8243;][\/qode_elements_holder_item][qode_elements_holder_item advanced_animations=\u00bbno\u00bb item_padding=\u00bb20% 10% 20% 10%\u00bb][vc_column_text el_id=\u00bbid2&#8243;]<\/p>\n<h5><strong>Osteopatia obst\u00e8trica i per a nadons i nens<\/strong><\/h5>\n<p>[\/vc_column_text][vc_empty_space][vc_column_text]La osteopatia durant l\u2019embar\u00e0s ajuda a la mare a adaptar-se als nombrosos canvis neuro-endocrins que experimenta i a adaptar-se tamb\u00e9 al creixement del nad\u00f3 que porta a dins.<\/p>\n<p>Si no hi ha una bona adaptaci\u00f3 de la mare al canvi de volum i de posici\u00f3, poden apar\u00e8ixer dolors a la columna vertebral i pelvis, ci\u00e0tiques, incontin\u00e8ncia urin\u00e0ria, o problemes viscerals entre d\u2019altres.<\/p>\n<p>El tractament osteop\u00e0tic de la mare abans del part prepara la pelvis i tot el sistema muscular i lligament\u00f3s per a la gran mobilitat que el part requerir\u00e0. Despr\u00e9s del part, el tractament facilita el proc\u00e9s de recuperaci\u00f3 global.<\/p>\n<p>Despr\u00e9s de 9 mesos de viure confortablement en el ventre de la mare, el part \u00e9s un tr\u00e0ngol estressant per a tots els nadons. Estan f\u00edsica i hormonalment preparats, per\u00f2 en ocasions es manifesten s\u00edmptomes de manera molt preco\u00e7: dificultat en la succi\u00f3, irritabilitat, alguna lesi\u00f3 obst\u00e8trica, deformitat cranial, etc. que es poden tractar tamb\u00e9 des de l\u2019osteopatia.<\/p>\n<p>Els nens no s\u00f3n petits adults, per aix\u00f2 conv\u00e9 que siguin tractats per un oste\u00f2pata especialitzat en beb\u00e8s i nens\/nenes, que conegui la seva anatomia i fisiologia i s\u00e0piga tractar les disfuncions caracter\u00edstiques de cada etapa del creixement. Un bon tractament parteix d\u2019una valoraci\u00f3 adequada a nivell m\u00fascul-esquel\u00e8tic, visceral i de tot els aspectes del creixement, i permet abordar qualsevol dificultat de manera preco\u00e7.<\/p>\n<p>Igualment \u00e9s convenient consultar l\u2019oste\u00f2pata si hi ha algun s\u00edmptoma o patologia digestiva o respirat\u00f2ria tipus reflux, c\u00f2lics, restrenyiment, irritabilitat bronquial, sinusitis, otitis, etc.[\/vc_column_text][vc_raw_html]JTNDc3BhbiUyMGlkJTNEJTIyaWQzJTIyJTNFJUMyJUEwJTNDJTJGc3BhbiUzRQ==[\/vc_raw_html][\/qode_elements_holder_item][\/qode_elements_holder][qode_elements_holder number_of_columns=\u00bbtwo_columns\u00bb][qode_elements_holder_item advanced_animations=\u00bbno\u00bb item_padding=\u00bb20% 10% 20% 10%\u00bb][vc_column_text el_id=\u00bbid3&#8243;]<\/p>\n<h5><strong>Psiconeuroimmunologia<\/strong><\/h5>\n<p>[\/vc_column_text][vc_empty_space][vc_column_text]El terme psiconeuroimmunologia (PNI) va ser desenvolupat als anys 70 pel psic\u00f2leg Robert Ader i l&#8217;immun\u00f2leg Nicholas Cohen i fa refer\u00e8ncia al camp cient\u00edfic que estudia la interacci\u00f3 entre el cervell, el sistema endocr\u00ed i immune i les seves patologies. \u00a0Utilitza el coneixement profund de la fisiologia humana per solucionar les veritables causes dels teus s\u00edmptomes. Recolzada en l\u2019evid\u00e8ncia cient\u00edfica, la PNI dibuixa l\u00ednies terap\u00e8utiques combinant el poder de l\u2019exercici f\u00edsic, l\u2019alimentaci\u00f3, la suplementaci\u00f3 i l\u2019\u00fas d\u2019estrat\u00e8gies emocionals senzilles per tal de recuperar el motor de la teva salut.<\/p>\n<p>Pot ajudar tant a nadons, nens i joves com adults i persones grans i els camps d\u2019actuaci\u00f3 son amplis:<\/p>\n<p>Desordres immunes, digestius i hormonals, trastorns de la son, lesions esportives, estr\u00e8s, dolors cr\u00f2nics, fatiga cr\u00f2nica, al\u00b7l\u00e8rgies, etc.<\/p>\n<p>La PNI tamb\u00e9 et permet simplement millorar el teu estat de salut o el teu rendiment esportiu tot canviant h\u00e0bits alimentaris i valorant si \u00e9s necessari afegir algun suplement nutricional.[\/vc_column_text][vc_raw_html]JTNDc3BhbiUyMGlkJTNEJTIyaWQ0JTIyJTNFJUMyJUEwJTNDJTJGc3BhbiUzRQ==[\/vc_raw_html][\/qode_elements_holder_item][qode_elements_holder_item cover=\u00bbyes\u00bb advanced_animations=\u00bbno\u00bb background_image=\u00bb649&#8243;][\/qode_elements_holder_item][\/qode_elements_holder][qode_elements_holder number_of_columns=\u00bbtwo_columns\u00bb][qode_elements_holder_item cover=\u00bbyes\u00bb advanced_animations=\u00bbno\u00bb background_image=\u00bb650&#8243;][\/qode_elements_holder_item][qode_elements_holder_item advanced_animations=\u00bbno\u00bb item_padding=\u00bb20% 10% 20% 10%\u00bb][vc_column_text el_id=\u00bbid2&#8243;]<\/p>\n<h5><strong>Tractament de l\u2019escoliosi i la cifosi<\/strong><\/h5>\n<p>[\/vc_column_text][vc_empty_space][vc_column_text]Amb el tractament de l\u2019escoliosi a trav\u00e9s del concepte BSPTS-Schroth (Barcelona Scoliosis Physical Therapy School), el pacient aprendr\u00e0 a millorar la postura, a remodelar el cos i a activar la musculatura mantenint la correcci\u00f3, per tant, equilibrant la seva longitud, tensi\u00f3 i funci\u00f3.<\/p>\n<p>Des de les primeres sessions es treballa en la integraci\u00f3 de la nova postura, per poder realitzar finalment els exercicis de manera independent, potenciant la autonomia del pacient.<\/p>\n<p>El pacient inicia sessions individuals (de 3 a 5 sessions) amb un fisioterapeuta especialitzat, d\u2019aquesta manera pot aprendre i sentir les correccions espec\u00edfiques que la seva escoliosi requereix. A continuaci\u00f3 es pot incloure en un grup de pacients ja entrenats per poder realitzar i integrar els exercicis i preparar-se per poder-los fer a casa de manera aut\u00f2noma.[\/vc_column_text][vc_raw_html]JTNDc3BhbiUyMGlkJTNEJTIyaWQ1JTIyJTNFJUMyJUEwJTNDJTJGc3BhbiUzRQ==[\/vc_raw_html][\/qode_elements_holder_item][\/qode_elements_holder][qode_elements_holder number_of_columns=\u00bbtwo_columns\u00bb][qode_elements_holder_item advanced_animations=\u00bbno\u00bb item_padding=\u00bb20% 10% 20% 10%\u00bb][vc_column_text]<\/p>\n<h5><strong>Ioga Terap\u00e8utic<\/strong><\/h5>\n<p>[\/vc_column_text][vc_empty_space][vc_column_text]Cuidar el nostre cos f\u00edsic ens apropa a l\u2019harmonia entre els diferents nivells de l\u2019\u00e9sser hum\u00e0.<\/p>\n<p>Desenvolupar la capacitat d\u00b4estar en el present, moure\u00b4ns i viure d\u00b4una manera conscient permet que el cos ens funcioni de la manera m\u00e9s natural possible i ens facilita una visi\u00f3 hol\u00edstica de la salut.<\/p>\n<p>El treball d\u00b4exercicis terap\u00e8utics est\u00e0 basat en seq\u00fc\u00e8ncies d\u00b4\u00e0ssanes o postures, dissenyades per casos particulars de dol\u00e8ncies.<\/p>\n<p>La pr\u00e0ctica d\u00b4\u00e0ssanes engloba tot el cos i no deixa elements passius .<\/p>\n<p>Quan tonifiquem el cos, el reforcem i el posem en bon funcionament, es desencadenen canvis en tot el nostre organisme que proporcionen equilibri f\u00edsic i harmonitzen l\u2019estabilitat mental.<\/p>\n<p>Les sessions que us proposem es poden fer o b\u00e9 en grups redu\u00efts, o b\u00e9 de manera individual, sempre sota el guiatge de la fisioterapeuta especialitzada. La nostra tasca \u00e9s mostrar la seq\u00fc\u00e8ncia d\u00b4exercicis id\u00f2nia per a diferents restriccions de moviment i dol\u00e8ncies que es desenvolupen en el treball setmanal de manera regular.<\/p>\n<p>En el cas de les sessions individuals, un cop mostrada i supervisada la seq\u00fc\u00e8ncia espec\u00edfica per a la patologia concreta es recomanen els exercicis que cal fer per compte propi a casa. I us oferim la possibilitat de fer, m\u00e9s endavant, una sessi\u00f3 de correcci\u00f3 i revisi\u00f3 del treball.<\/p>\n<p><em>\u00a0<\/em><em>Desvetllar les nostres capacitats motrius i propioceptives ens possibilita un cos i ment disponibles i un estat de consci\u00e8ncia ser\u00e8.<\/em>[\/vc_column_text][vc_raw_html]JTNDc3BhbiUyMGlkJTNEJTIyaWQ2JTIyJTNFJUMyJUEwJTNDJTJGc3BhbiUzRQ==[\/vc_raw_html][\/qode_elements_holder_item][qode_elements_holder_item cover=\u00bbyes\u00bb advanced_animations=\u00bbno\u00bb background_image=\u00bb667&#8243;][\/qode_elements_holder_item][\/qode_elements_holder][qode_elements_holder number_of_columns=\u00bbtwo_columns\u00bb][qode_elements_holder_item cover=\u00bbyes\u00bb advanced_animations=\u00bbno\u00bb background_image=\u00bb637&#8243;][\/qode_elements_holder_item][qode_elements_holder_item advanced_animations=\u00bbno\u00bb item_padding=\u00bb20% 10% 20% 10%\u00bb][vc_column_text]<\/p>\n<h5><strong>Exercici terap\u00e8utic<\/strong><\/h5>\n<p>[\/vc_column_text][vc_empty_space][vc_column_text]El moviment \u00e9s imprescindible per mantenir el cos i la ment sans. Cada vegada m\u00e9s estudis demostren que una musculatura tonificada no nom\u00e9s ens protegeix a nivell articular i del dolor persistent, sin\u00f3 que beneficia el nostre sistema immunitari, endocr\u00ed i nervi\u00f3s i ens permet mantenir la funcionalitat.<\/p>\n<p>Le sessions individuals, o en grup, persegueixen millorar la for\u00e7a muscular sense perdre la flexibilitat i la mobilitat global. Combinem diferents modalitats d&#8217;exercicis: de for\u00e7a, funcionals, core, hipopressius&#8230; sempre respectant les capacitats de moviment de cada persona. Prioritzem la qualitat i el control del moviment i adaptem els exercicis en cas de lesions o patologies. Cerquem exercicis alternatius pels pacients amb zones de dolor persistent.[\/vc_column_text][\/qode_elements_holder_item][\/qode_elements_holder][\/vc_column][\/vc_row][vc_row css_animation=\u00bb\u00bb row_type=\u00bbrow\u00bb use_row_as_full_screen_section=\u00bbno\u00bb type=\u00bbfull_width\u00bb angled_section=\u00bbno\u00bb text_align=\u00bbleft\u00bb background_image_as_pattern=\u00bbwithout_pattern\u00bb][vc_column][vc_empty_space height=\u00bb72px\u00bb][\/vc_column][\/vc_row]<\/p>\n","protected":false},"excerpt":{"rendered":"<p>[vc_row css_animation=\u00bb\u00bb row_type=\u00bbrow\u00bb use_row_as_full_screen_section=\u00bbno\u00bb type=\u00bbfull_width\u00bb angled_section=\u00bbno\u00bb text_align=\u00bbleft\u00bb background_image_as_pattern=\u00bbwithout_pattern\u00bb][vc_column][qode_elements_holder number_of_columns=\u00bbtwo_columns\u00bb][qode_elements_holder_item advanced_animations=\u00bbno\u00bb item_padding=\u00bb20% 10% 20% 10%\u00bb][vc_column_text el_id=\u00bbid1&#8243;] Osteopatia d\u2019adults [\/vc_column_text][vc_empty_space][vc_column_text]Al llarg de la vida el nostre cos va acumulant nombroses lesions, agressions i tensions, ja siguin degudes a traumatismes, males postures mantingudes, sobrec\u00e0rregues, moviments repetitius o estr\u00e8s&#8230;.<\/p>\n","protected":false},"author":1,"featured_media":0,"parent":0,"menu_order":0,"comment_status":"closed","ping_status":"closed","template":"","meta":{"footnotes":""},"class_list":["post-458","page","type-page","status-publish","hentry"],"yoast_head":"<!-- This site is optimized with the Yoast SEO plugin v22.8 - https:\/\/yoast.com\/wordpress\/plugins\/seo\/ -->\n<title>TRACTAMENTS - osteopatia girona<\/title>\n<meta name=\"robots\" content=\"index, follow, max-snippet:-1, max-image-preview:large, max-video-preview:-1\" \/>\n<link rel=\"canonical\" href=\"https:\/\/osteopatia-girona.com\/index.php\/tract2\/\" \/>\n<meta property=\"og:locale\" content=\"es_ES\" \/>\n<meta property=\"og:type\" content=\"article\" \/>\n<meta property=\"og:title\" content=\"TRACTAMENTS - osteopatia girona\" \/>\n<meta property=\"og:description\" content=\"[vc_row css_animation=\u00bb\u00bb row_type=\u00bbrow\u00bb use_row_as_full_screen_section=\u00bbno\u00bb type=\u00bbfull_width\u00bb angled_section=\u00bbno\u00bb text_align=\u00bbleft\u00bb background_image_as_pattern=\u00bbwithout_pattern\u00bb][vc_column][qode_elements_holder number_of_columns=\u00bbtwo_columns\u00bb][qode_elements_holder_item advanced_animations=\u00bbno\u00bb item_padding=\u00bb20% 10% 20% 10%\u00bb][vc_column_text el_id=\u00bbid1&#8243;] Osteopatia d\u2019adults [\/vc_column_text][vc_empty_space][vc_column_text]Al llarg de la vida el nostre cos va acumulant nombroses lesions, agressions i tensions, ja siguin degudes a traumatismes, males postures mantingudes, sobrec\u00e0rregues, moviments repetitius o estr\u00e8s....\" \/>\n<meta property=\"og:url\" content=\"https:\/\/osteopatia-girona.com\/index.php\/tract2\/\" \/>\n<meta property=\"og:site_name\" content=\"osteopatia girona\" \/>\n<meta property=\"article:modified_time\" content=\"2021-11-23T09:09:51+00:00\" \/>\n<meta name=\"twitter:card\" content=\"summary_large_image\" \/>\n<meta name=\"twitter:label1\" content=\"Tiempo de lectura\" \/>\n\t<meta name=\"twitter:data1\" content=\"8 minutos\" \/>\n<script type=\"application\/ld+json\" class=\"yoast-schema-graph\">{\"@context\":\"https:\/\/schema.org\",\"@graph\":[{\"@type\":\"WebPage\",\"@id\":\"https:\/\/osteopatia-girona.com\/index.php\/tract2\/\",\"url\":\"https:\/\/osteopatia-girona.com\/index.php\/tract2\/\",\"name\":\"TRACTAMENTS - osteopatia girona\",\"isPartOf\":{\"@id\":\"https:\/\/osteopatia-girona.com\/#website\"},\"datePublished\":\"2021-06-06T21:34:19+00:00\",\"dateModified\":\"2021-11-23T09:09:51+00:00\",\"breadcrumb\":{\"@id\":\"https:\/\/osteopatia-girona.com\/index.php\/tract2\/#breadcrumb\"},\"inLanguage\":\"es\",\"potentialAction\":[{\"@type\":\"ReadAction\",\"target\":[\"https:\/\/osteopatia-girona.com\/index.php\/tract2\/\"]}]},{\"@type\":\"BreadcrumbList\",\"@id\":\"https:\/\/osteopatia-girona.com\/index.php\/tract2\/#breadcrumb\",\"itemListElement\":[{\"@type\":\"ListItem\",\"position\":1,\"name\":\"Portada\",\"item\":\"https:\/\/osteopatia-girona.com\/\"},{\"@type\":\"ListItem\",\"position\":2,\"name\":\"TRACTAMENTS\"}]},{\"@type\":\"WebSite\",\"@id\":\"https:\/\/osteopatia-girona.com\/#website\",\"url\":\"https:\/\/osteopatia-girona.com\/\",\"name\":\"osteopatia girona\",\"description\":\"osteopatia girona\",\"publisher\":{\"@id\":\"https:\/\/osteopatia-girona.com\/#organization\"},\"potentialAction\":[{\"@type\":\"SearchAction\",\"target\":{\"@type\":\"EntryPoint\",\"urlTemplate\":\"https:\/\/osteopatia-girona.com\/?s={search_term_string}\"},\"query-input\":\"required name=search_term_string\"}],\"inLanguage\":\"es\"},{\"@type\":\"Organization\",\"@id\":\"https:\/\/osteopatia-girona.com\/#organization\",\"name\":\"osteopatia girona\",\"url\":\"https:\/\/osteopatia-girona.com\/\",\"logo\":{\"@type\":\"ImageObject\",\"inLanguage\":\"es\",\"@id\":\"https:\/\/osteopatia-girona.com\/#\/schema\/logo\/image\/\",\"url\":\"https:\/\/osteopatia-girona.com\/wp-content\/uploads\/2022\/01\/osteopatiagirona.webp\",\"contentUrl\":\"https:\/\/osteopatia-girona.com\/wp-content\/uploads\/2022\/01\/osteopatiagirona.webp\",\"width\":472,\"height\":279,\"caption\":\"osteopatia girona\"},\"image\":{\"@id\":\"https:\/\/osteopatia-girona.com\/#\/schema\/logo\/image\/\"},\"sameAs\":[\"https:\/\/www.instagram.com\/osteopatiagirona\/\"]}]}<\/script>\n<!-- \/ Yoast SEO plugin. -->","yoast_head_json":{"title":"TRACTAMENTS - osteopatia girona","robots":{"index":"index","follow":"follow","max-snippet":"max-snippet:-1","max-image-preview":"max-image-preview:large","max-video-preview":"max-video-preview:-1"},"canonical":"https:\/\/osteopatia-girona.com\/index.php\/tract2\/","og_locale":"es_ES","og_type":"article","og_title":"TRACTAMENTS - osteopatia girona","og_description":"[vc_row css_animation=\u00bb\u00bb row_type=\u00bbrow\u00bb use_row_as_full_screen_section=\u00bbno\u00bb type=\u00bbfull_width\u00bb angled_section=\u00bbno\u00bb text_align=\u00bbleft\u00bb background_image_as_pattern=\u00bbwithout_pattern\u00bb][vc_column][qode_elements_holder number_of_columns=\u00bbtwo_columns\u00bb][qode_elements_holder_item advanced_animations=\u00bbno\u00bb item_padding=\u00bb20% 10% 20% 10%\u00bb][vc_column_text el_id=\u00bbid1&#8243;] Osteopatia d\u2019adults [\/vc_column_text][vc_empty_space][vc_column_text]Al llarg de la vida el nostre cos va acumulant nombroses lesions, agressions i tensions, ja siguin degudes a traumatismes, males postures mantingudes, sobrec\u00e0rregues, moviments repetitius o estr\u00e8s....","og_url":"https:\/\/osteopatia-girona.com\/index.php\/tract2\/","og_site_name":"osteopatia girona","article_modified_time":"2021-11-23T09:09:51+00:00","twitter_card":"summary_large_image","twitter_misc":{"Tiempo de lectura":"8 minutos"},"schema":{"@context":"https:\/\/schema.org","@graph":[{"@type":"WebPage","@id":"https:\/\/osteopatia-girona.com\/index.php\/tract2\/","url":"https:\/\/osteopatia-girona.com\/index.php\/tract2\/","name":"TRACTAMENTS - osteopatia girona","isPartOf":{"@id":"https:\/\/osteopatia-girona.com\/#website"},"datePublished":"2021-06-06T21:34:19+00:00","dateModified":"2021-11-23T09:09:51+00:00","breadcrumb":{"@id":"https:\/\/osteopatia-girona.com\/index.php\/tract2\/#breadcrumb"},"inLanguage":"es","potentialAction":[{"@type":"ReadAction","target":["https:\/\/osteopatia-girona.com\/index.php\/tract2\/"]}]},{"@type":"BreadcrumbList","@id":"https:\/\/osteopatia-girona.com\/index.php\/tract2\/#breadcrumb","itemListElement":[{"@type":"ListItem","position":1,"name":"Portada","item":"https:\/\/osteopatia-girona.com\/"},{"@type":"ListItem","position":2,"name":"TRACTAMENTS"}]},{"@type":"WebSite","@id":"https:\/\/osteopatia-girona.com\/#website","url":"https:\/\/osteopatia-girona.com\/","name":"osteopatia girona","description":"osteopatia girona","publisher":{"@id":"https:\/\/osteopatia-girona.com\/#organization"},"potentialAction":[{"@type":"SearchAction","target":{"@type":"EntryPoint","urlTemplate":"https:\/\/osteopatia-girona.com\/?s={search_term_string}"},"query-input":"required name=search_term_string"}],"inLanguage":"es"},{"@type":"Organization","@id":"https:\/\/osteopatia-girona.com\/#organization","name":"osteopatia girona","url":"https:\/\/osteopatia-girona.com\/","logo":{"@type":"ImageObject","inLanguage":"es","@id":"https:\/\/osteopatia-girona.com\/#\/schema\/logo\/image\/","url":"https:\/\/osteopatia-girona.com\/wp-content\/uploads\/2022\/01\/osteopatiagirona.webp","contentUrl":"https:\/\/osteopatia-girona.com\/wp-content\/uploads\/2022\/01\/osteopatiagirona.webp","width":472,"height":279,"caption":"osteopatia girona"},"image":{"@id":"https:\/\/osteopatia-girona.com\/#\/schema\/logo\/image\/"},"sameAs":["https:\/\/www.instagram.com\/osteopatiagirona\/"]}]}},"_links":{"self":[{"href":"https:\/\/osteopatia-girona.com\/index.php\/wp-json\/wp\/v2\/pages\/458","targetHints":{"allow":["GET"]}}],"collection":[{"href":"https:\/\/osteopatia-girona.com\/index.php\/wp-json\/wp\/v2\/pages"}],"about":[{"href":"https:\/\/osteopatia-girona.com\/index.php\/wp-json\/wp\/v2\/types\/page"}],"author":[{"embeddable":true,"href":"https:\/\/osteopatia-girona.com\/index.php\/wp-json\/wp\/v2\/users\/1"}],"replies":[{"embeddable":true,"href":"https:\/\/osteopatia-girona.com\/index.php\/wp-json\/wp\/v2\/comments?post=458"}],"version-history":[{"count":17,"href":"https:\/\/osteopatia-girona.com\/index.php\/wp-json\/wp\/v2\/pages\/458\/revisions"}],"predecessor-version":[{"id":682,"href":"https:\/\/osteopatia-girona.com\/index.php\/wp-json\/wp\/v2\/pages\/458\/revisions\/682"}],"wp:attachment":[{"href":"https:\/\/osteopatia-girona.com\/index.php\/wp-json\/wp\/v2\/media?parent=458"}],"curies":[{"name":"wp","href":"https:\/\/api.w.org\/{rel}","templated":true}]}}